{"id":2,"date":"2024-05-26T13:49:12","date_gmt":"2024-05-26T11:49:12","guid":{"rendered":"http:\/\/englisj.cluster023.hosting.ovh.net\/?page_id=2"},"modified":"2024-12-30T13:37:52","modified_gmt":"2024-12-30T12:37:52","slug":"page-d-exemple","status":"publish","type":"page","link":"https:\/\/englishinaclick.fr\/","title":{"rendered":"Englishinaclick.fr"},"content":{"rendered":"<div class=\"wp-block-image\">\n<figure class=\"aligncenter size-full is-resized\"><img loading=\"lazy\" decoding=\"async\" width=\"500\" height=\"500\" src=\"https:\/\/englishinaclick.fr\/wp-content\/uploads\/2024\/12\/avatar-removebg-preview.png\" alt=\"\" class=\"wp-image-237\" style=\"width:368px;height:auto\" srcset=\"https:\/\/englishinaclick.fr\/wp-content\/uploads\/2024\/12\/avatar-removebg-preview.png 500w, https:\/\/englishinaclick.fr\/wp-content\/uploads\/2024\/12\/avatar-removebg-preview-300x300.png 300w, https:\/\/englishinaclick.fr\/wp-content\/uploads\/2024\/12\/avatar-removebg-preview-150x150.png 150w\" sizes=\"auto, (max-width: 500px) 100vw, 500px\" \/><\/figure>\n<\/div>\n\n\n<p class=\"has-text-align-center has-large-font-size\">WELCOME!<\/p>\n\n\n\n<h3 class=\"wp-block-heading\"><strong>Avec ce blog vous pouvez&nbsp; consulter les objectifs des s\u00e9quences, les documents travaill\u00e9s en classe (avec les corrections!) et quelques conseils pour les \u00e9valuations.<\/strong><\/h3>\n\n\n\n<p><\/p>\n\n\n\n<h3 class=\"wp-block-heading\"><strong>Vous trouverez aussi des documents qui prolongent les s\u00e9quences en cours (pr\u00e9cisions, images, webquests, vid\u00e9os, liens\u2026.) et aussi quelques \u00ab&nbsp;outils&nbsp;\u00bb (vocabulaire, pr\u00e9cisions de grammaire\u2026..)&nbsp; pour vous am\u00e9liorer!!<\/strong><\/h3>\n\n\n\n<blockquote class=\"wp-block-quote is-layout-flow wp-block-quote-is-layout-flow\">\n<p class=\"has-text-align-center has-text-color has-link-color wp-elements-b3708ec4c7befe6b0760839fce0d8886\" style=\"color:#0608ed;font-size:20px\"><strong>Just remember \u2026..&nbsp;&nbsp;&nbsp;English is fun !!<\/strong><\/p>\n<\/blockquote>\n\n\n<div class=\"wp-block-image\">\n<figure class=\"alignleft size-full is-resized\"><img decoding=\"async\" src=\"http:\/\/englisj.cluster023.hosting.ovh.net\/wp-content\/uploads\/2024\/05\/Screenshot_20240528-211611_Bitmoji-removebg-preview-removebg-preview.png\" alt=\"\" class=\"wp-image-78\" style=\"width:165px;height:auto\"\/><\/figure>\n<\/div>\n\n\n<h1 class=\"wp-block-heading\">SEE YOU IN CLASS!!!<\/h1>\n\n\n\n<h3 class=\"wp-block-heading\">&nbsp;<\/h3>\n\n\n\n<figure class=\"wp-block-image\"><a href=\"https:\/\/englishinaclick.wordpress.com\/wp-content\/uploads\/2023\/06\/englishinaclick.jpg\"><img decoding=\"async\" src=\"https:\/\/englishinaclick.wordpress.com\/wp-content\/uploads\/2023\/06\/englishinaclick.jpg?w=88\" alt=\"\" class=\"wp-image-2033\"\/><\/a><\/figure>\n","protected":false},"excerpt":{"rendered":"<p>WELCOME! Avec ce blog vous pouvez&nbsp; consulter les objectifs des s\u00e9quences, les documents travaill\u00e9s en classe (avec les corrections!) et<\/p>\n","protected":false},"author":1,"featured_media":0,"parent":0,"menu_order":0,"comment_status":"closed","ping_status":"closed","template":"","meta":{"footnotes":""},"class_list":["post-2","page","type-page","status-publish","hentry","comments-off"],"_links":{"self":[{"href":"https:\/\/englishinaclick.fr\/index.php\/wp-json\/wp\/v2\/pages\/2","targetHints":{"allow":["GET"]}}],"collection":[{"href":"https:\/\/englishinaclick.fr\/index.php\/wp-json\/wp\/v2\/pages"}],"about":[{"href":"https:\/\/englishinaclick.fr\/index.php\/wp-json\/wp\/v2\/types\/page"}],"author":[{"embeddable":true,"href":"https:\/\/englishinaclick.fr\/index.php\/wp-json\/wp\/v2\/users\/1"}],"replies":[{"embeddable":true,"href":"https:\/\/englishinaclick.fr\/index.php\/wp-json\/wp\/v2\/comments?post=2"}],"version-history":[{"count":14,"href":"https:\/\/englishinaclick.fr\/index.php\/wp-json\/wp\/v2\/pages\/2\/revisions"}],"predecessor-version":[{"id":239,"href":"https:\/\/englishinaclick.fr\/index.php\/wp-json\/wp\/v2\/pages\/2\/revisions\/239"}],"wp:attachment":[{"href":"https:\/\/englishinaclick.fr\/index.php\/wp-json\/wp\/v2\/media?parent=2"}],"curies":[{"name":"wp","href":"https:\/\/api.w.org\/{rel}","templated":true}]}}